{"id":2288,"date":"2025-12-15T14:56:05","date_gmt":"2025-12-15T14:56:05","guid":{"rendered":"https:\/\/staging.guigal.com\/maison-guigal\/"},"modified":"2026-04-13T09:47:19","modified_gmt":"2026-04-13T09:47:19","slug":"maison-guigal","status":"publish","type":"page","link":"https:\/\/staging.guigal.com\/en\/maison-guigal\/","title":{"rendered":"Maison Guigal"},"content":{"rendered":"\t\t<div data-elementor-type=\"wp-page\" data-elementor-id=\"2288\" class=\"elementor elementor-2288 elementor-43\" data-elementor-post-type=\"page\">\n\t\t\t\t<div class=\"elementor-element elementor-element-3b6c8dd2 animated-slow e-flex e-con-boxed elementor-invisible e-con e-parent\" data-id=\"3b6c8dd2\" data-element_type=\"container\" data-e-type=\"container\" id=\"histoire\" data-settings=\"{&quot;background_background&quot;:&quot;classic&quot;,&quot;animation&quot;:&quot;fadeIn&quot;}\">\n\t\t\t\t\t<div class=\"e-con-inner\">\n\t\t<div class=\"elementor-element elementor-element-3f7bb591 e-con-full e-flex e-con e-child\" data-id=\"3f7bb591\" data-element_type=\"container\" data-e-type=\"container\" data-settings=\"{&quot;motion_fx_motion_fx_scrolling&quot;:&quot;yes&quot;,&quot;motion_fx_translateY_effect&quot;:&quot;yes&quot;,&quot;motion_fx_range&quot;:&quot;viewport&quot;,&quot;motion_fx_translateY_speed&quot;:{&quot;unit&quot;:&quot;px&quot;,&quot;size&quot;:2,&quot;sizes&quot;:[]},&quot;motion_fx_translateY_affectedRange&quot;:{&quot;unit&quot;:&quot;%&quot;,&quot;size&quot;:&quot;&quot;,&quot;sizes&quot;:{&quot;start&quot;:0,&quot;end&quot;:100}},&quot;motion_fx_devices&quot;:[&quot;desktop&quot;,&quot;tablet&quot;,&quot;mobile&quot;]}\">\n\t\t\t\t<div class=\"elementor-element elementor-element-3567425f elementor-widget elementor-widget-heading\" data-id=\"3567425f\" data-element_type=\"widget\" data-e-type=\"widget\" data-widget_type=\"heading.default\">\n\t\t\t\t\t<h2 class=\"elementor-heading-title elementor-size-default\">Guigal, a family history <\/h2>\t\t\t\t<\/div>\n\t\t\t\t<div class=\"elementor-element elementor-element-2068e771 elementor-widget elementor-widget-text-editor\" data-id=\"2068e771\" data-element_type=\"widget\" data-e-type=\"widget\" data-widget_type=\"text-editor.default\">\n\t\t\t\t\t\t\t\t\t<p>Family at the heart of everything and a commitment to the illustrious land which produces its prestigious wines &#8211; this, in a nutshell, sums up Maison Guigal. Since its inception, the motto, \u2018No Pain No Gain\u2019 underpins the promise made to Etienne Guigal to follow in his footsteps and pass on this family\u2019s passion for the great wines of the Rh\u00f4ne Valley. Today, Marcel and Philippe, accompanied by their wives, are the guardians of this exceptional domain which brings together history, devotion and a sense of sharing.  <\/p>\t\t\t\t\t\t\t\t<\/div>\n\t\t\t\t<div class=\"elementor-element elementor-element-5b069544 elementor-widget elementor-widget-button\" data-id=\"5b069544\" data-element_type=\"widget\" data-e-type=\"widget\" data-widget_type=\"button.default\">\n\t\t\t\t\t\t\t\t\t\t<a class=\"elementor-button elementor-button-link elementor-size-sm\" href=\"https:\/\/staging.guigal.com\/en\/maison-guigal\/our-history\/\">\n\t\t\t\t\t\t<span class=\"elementor-button-content-wrapper\">\n\t\t\t\t\t\t\t\t\t<span class=\"elementor-button-text\">Our History<\/span>\n\t\t\t\t\t<\/span>\n\t\t\t\t\t<\/a>\n\t\t\t\t\t\t\t\t<\/div>\n\t\t\t\t<\/div>\n\t\t\t\t\t<\/div>\n\t\t\t\t<\/div>\n\t\t<div class=\"elementor-element elementor-element-902fc66 e-flex e-con-boxed e-con e-parent\" data-id=\"902fc66\" data-element_type=\"container\" data-e-type=\"container\" data-settings=\"{&quot;background_background&quot;:&quot;classic&quot;,&quot;motion_fx_motion_fx_scrolling&quot;:&quot;yes&quot;,&quot;motion_fx_opacity_effect&quot;:&quot;yes&quot;,&quot;motion_fx_opacity_range&quot;:{&quot;unit&quot;:&quot;%&quot;,&quot;size&quot;:&quot;&quot;,&quot;sizes&quot;:{&quot;start&quot;:25,&quot;end&quot;:50}},&quot;motion_fx_range&quot;:&quot;viewport&quot;,&quot;motion_fx_opacity_direction&quot;:&quot;out-in&quot;,&quot;motion_fx_opacity_level&quot;:{&quot;unit&quot;:&quot;px&quot;,&quot;size&quot;:10,&quot;sizes&quot;:[]},&quot;motion_fx_devices&quot;:[&quot;desktop&quot;,&quot;tablet&quot;,&quot;mobile&quot;]}\">\n\t\t\t\t\t<div class=\"e-con-inner\">\n\t\t<div class=\"elementor-element elementor-element-749350f3 e-con-full e-flex e-con e-child\" data-id=\"749350f3\" data-element_type=\"container\" data-e-type=\"container\" data-settings=\"{&quot;motion_fx_motion_fx_scrolling&quot;:&quot;yes&quot;,&quot;motion_fx_translateY_effect&quot;:&quot;yes&quot;,&quot;motion_fx_opacity_effect&quot;:&quot;yes&quot;,&quot;motion_fx_opacity_range&quot;:{&quot;unit&quot;:&quot;%&quot;,&quot;size&quot;:&quot;&quot;,&quot;sizes&quot;:{&quot;start&quot;:24,&quot;end&quot;:50}},&quot;motion_fx_range&quot;:&quot;viewport&quot;,&quot;motion_fx_translateY_speed&quot;:{&quot;unit&quot;:&quot;px&quot;,&quot;size&quot;:2,&quot;sizes&quot;:[]},&quot;motion_fx_translateY_affectedRange&quot;:{&quot;unit&quot;:&quot;%&quot;,&quot;size&quot;:&quot;&quot;,&quot;sizes&quot;:{&quot;start&quot;:0,&quot;end&quot;:100}},&quot;motion_fx_opacity_direction&quot;:&quot;out-in&quot;,&quot;motion_fx_opacity_level&quot;:{&quot;unit&quot;:&quot;px&quot;,&quot;size&quot;:10,&quot;sizes&quot;:[]},&quot;motion_fx_devices&quot;:[&quot;desktop&quot;,&quot;tablet&quot;,&quot;mobile&quot;]}\">\n\t\t\t\t<div class=\"elementor-element elementor-element-4fa06346 elementor-widget elementor-widget-heading\" data-id=\"4fa06346\" data-element_type=\"widget\" data-e-type=\"widget\" data-widget_type=\"heading.default\">\n\t\t\t\t\t<h2 class=\"elementor-heading-title elementor-size-default\">The Rh\u00f4ne as a trademark <\/h2>\t\t\t\t<\/div>\n\t\t\t\t<div class=\"elementor-element elementor-element-79ee9455 elementor-widget elementor-widget-text-editor\" data-id=\"79ee9455\" data-element_type=\"widget\" data-e-type=\"widget\" data-widget_type=\"text-editor.default\">\n\t\t\t\t\t\t\t\t\t<p>Maison Guigal incarnates know-how forged from a passion for wine and respect for expertise passed down through the generations. Totally devoted to the wines of the Rh\u00f4ne Valley, it crafts wines with meticulousness and sensitivity to reveal the individuality of each appellation. Guided by a deep commitment to the great terroirs of the Rh\u00f4ne, it pursues its mission: to produce, year after year, exceptional wines.  <\/p>\t\t\t\t\t\t\t\t<\/div>\n\t\t\t\t<div class=\"elementor-element elementor-element-69f44617 elementor-align-left elementor-tablet-align-left elementor-widget elementor-widget-button\" data-id=\"69f44617\" data-element_type=\"widget\" data-e-type=\"widget\" data-widget_type=\"button.default\">\n\t\t\t\t\t\t\t\t\t\t<a class=\"elementor-button elementor-button-link elementor-size-sm\" href=\"https:\/\/staging.guigal.com\/en\/maison-guigal\/winemaking\/\">\n\t\t\t\t\t\t<span class=\"elementor-button-content-wrapper\">\n\t\t\t\t\t\t\t\t\t<span class=\"elementor-button-text\">Winemaking <\/span>\n\t\t\t\t\t<\/span>\n\t\t\t\t\t<\/a>\n\t\t\t\t\t\t\t\t<\/div>\n\t\t\t\t<\/div>\n\t\t\t\t\t<\/div>\n\t\t\t\t<\/div>\n\t\t<div class=\"elementor-element elementor-element-25442324 e-flex e-con-boxed e-con e-parent\" data-id=\"25442324\" data-element_type=\"container\" data-e-type=\"container\" data-settings=\"{&quot;background_background&quot;:&quot;classic&quot;,&quot;motion_fx_motion_fx_scrolling&quot;:&quot;yes&quot;,&quot;motion_fx_opacity_effect&quot;:&quot;yes&quot;,&quot;motion_fx_opacity_range&quot;:{&quot;unit&quot;:&quot;%&quot;,&quot;size&quot;:&quot;&quot;,&quot;sizes&quot;:{&quot;start&quot;:50,&quot;end&quot;:75}},&quot;motion_fx_range&quot;:&quot;viewport&quot;,&quot;motion_fx_opacity_direction&quot;:&quot;out-in&quot;,&quot;motion_fx_opacity_level&quot;:{&quot;unit&quot;:&quot;px&quot;,&quot;size&quot;:10,&quot;sizes&quot;:[]},&quot;motion_fx_devices&quot;:[&quot;desktop&quot;,&quot;tablet&quot;,&quot;mobile&quot;]}\">\n\t\t\t\t\t<div class=\"e-con-inner\">\n\t\t<div class=\"elementor-element elementor-element-4214ed09 e-con-full e-flex e-con e-child\" data-id=\"4214ed09\" data-element_type=\"container\" data-e-type=\"container\" data-settings=\"{&quot;motion_fx_motion_fx_scrolling&quot;:&quot;yes&quot;,&quot;motion_fx_translateY_effect&quot;:&quot;yes&quot;,&quot;motion_fx_opacity_effect&quot;:&quot;yes&quot;,&quot;motion_fx_opacity_range&quot;:{&quot;unit&quot;:&quot;%&quot;,&quot;size&quot;:&quot;&quot;,&quot;sizes&quot;:{&quot;start&quot;:24,&quot;end&quot;:50}},&quot;motion_fx_range&quot;:&quot;viewport&quot;,&quot;motion_fx_translateY_speed&quot;:{&quot;unit&quot;:&quot;px&quot;,&quot;size&quot;:2,&quot;sizes&quot;:[]},&quot;motion_fx_translateY_affectedRange&quot;:{&quot;unit&quot;:&quot;%&quot;,&quot;size&quot;:&quot;&quot;,&quot;sizes&quot;:{&quot;start&quot;:0,&quot;end&quot;:100}},&quot;motion_fx_opacity_direction&quot;:&quot;out-in&quot;,&quot;motion_fx_opacity_level&quot;:{&quot;unit&quot;:&quot;px&quot;,&quot;size&quot;:10,&quot;sizes&quot;:[]},&quot;motion_fx_devices&quot;:[&quot;desktop&quot;,&quot;tablet&quot;,&quot;mobile&quot;]}\">\n\t\t\t\t<div class=\"elementor-element elementor-element-7fe3650e elementor-widget elementor-widget-heading\" data-id=\"7fe3650e\" data-element_type=\"widget\" data-e-type=\"widget\" data-widget_type=\"heading.default\">\n\t\t\t\t\t<h2 class=\"elementor-heading-title elementor-size-default\">The Cooperage at Ch\u00e2teau d\u2019Ampuis <\/h2>\t\t\t\t<\/div>\n\t\t\t\t<div class=\"elementor-element elementor-element-1c9cf340 elementor-widget elementor-widget-text-editor\" data-id=\"1c9cf340\" data-element_type=\"widget\" data-e-type=\"widget\" data-widget_type=\"text-editor.default\">\n\t\t\t\t\t\t\t\t\t<p>In 2003, the GUIGAL family, forever determined to improve its knowledge of wine and everything related, launched into a new venture: barrel making. This artisanal craft endows Maison Guigal with a unique status as some of its great wines lie in wait for up to 3 \u00bd years before being bottled. <\/p>\t\t\t\t\t\t\t\t<\/div>\n\t\t\t\t<div class=\"elementor-element elementor-element-5f5a7567 elementor-widget elementor-widget-button\" data-id=\"5f5a7567\" data-element_type=\"widget\" data-e-type=\"widget\" data-widget_type=\"button.default\">\n\t\t\t\t\t\t\t\t\t\t<a class=\"elementor-button elementor-button-link elementor-size-sm\" href=\"https:\/\/staging.guigal.com\/en\/maison-guigal\/the-cooperage\/\">\n\t\t\t\t\t\t<span class=\"elementor-button-content-wrapper\">\n\t\t\t\t\t\t\t\t\t<span class=\"elementor-button-text\">The Cooperage<\/span>\n\t\t\t\t\t<\/span>\n\t\t\t\t\t<\/a>\n\t\t\t\t\t\t\t\t<\/div>\n\t\t\t\t<\/div>\n\t\t\t\t\t<\/div>\n\t\t\t\t<\/div>\n\t\t\t\t<\/div>\n\t\t","protected":false},"excerpt":{"rendered":"<p>Guigal, a family history Family at the heart of everything and a commitment to the illustrious land which produces its prestigious wines &#8211; this, in a nutshell, sums up Maison Guigal. Since its inception, the motto, \u2018No Pain No Gain\u2019 underpins the promise made to Etienne Guigal to follow in his footsteps and pass on [&hellip;]<\/p>\n","protected":false},"author":1,"featured_media":2231,"parent":0,"menu_order":0,"comment_status":"closed","ping_status":"closed","template":"","meta":{"_acf_changed":false,"footnotes":""},"class_list":["post-2288","page","type-page","status-publish","has-post-thumbnail","hentry"],"acf":[],"yoast_head":"<!-- This site is optimized with the Yoast SEO plugin v27.4 - https:\/\/yoast.com\/product\/yoast-seo-wordpress\/ -->\n<title>Maison Guigal \u2013 Exceptional Wines from the Rh\u00f4ne Valley<\/title>\n<meta name=\"description\" content=\"Discover Maison Guigal, an iconic family-owned winery in the Rh\u00f4ne Valley. Three generations of expertise have gone into crafting exceptional wines.\" \/>\n<meta name=\"robots\" content=\"noindex, follow, max-snippet:-1, max-image-preview:large, max-video-preview:-1\" \/>\n<script type=\"application\/ld+json\" class=\"yoast-schema-graph\">{\"@context\":\"https:\\\/\\\/schema.org\",\"@graph\":[{\"@type\":\"WebPage\",\"@id\":\"https:\\\/\\\/staging.guigal.com\\\/en\\\/maison-guigal\\\/\",\"url\":\"https:\\\/\\\/staging.guigal.com\\\/en\\\/maison-guigal\\\/\",\"name\":\"Maison Guigal \u2013 Exceptional Wines from the Rh\u00f4ne Valley\",\"isPartOf\":{\"@id\":\"https:\\\/\\\/staging.guigal.com\\\/en\\\/#website\"},\"primaryImageOfPage\":{\"@id\":\"https:\\\/\\\/staging.guigal.com\\\/en\\\/maison-guigal\\\/#primaryimage\"},\"image\":{\"@id\":\"https:\\\/\\\/staging.guigal.com\\\/en\\\/maison-guigal\\\/#primaryimage\"},\"thumbnailUrl\":\"https:\\\/\\\/staging.guigal.com\\\/wp-content\\\/uploads\\\/Famille-Guigal-02.jpg\",\"datePublished\":\"2025-12-15T14:56:05+00:00\",\"dateModified\":\"2026-04-13T09:47:19+00:00\",\"description\":\"Discover Maison Guigal, an iconic family-owned winery in the Rh\u00f4ne Valley. Three generations of expertise have gone into crafting exceptional wines.\",\"breadcrumb\":{\"@id\":\"https:\\\/\\\/staging.guigal.com\\\/en\\\/maison-guigal\\\/#breadcrumb\"},\"inLanguage\":\"en-US\",\"potentialAction\":[{\"@type\":\"ReadAction\",\"target\":[\"https:\\\/\\\/staging.guigal.com\\\/en\\\/maison-guigal\\\/\"]}]},{\"@type\":\"ImageObject\",\"inLanguage\":\"en-US\",\"@id\":\"https:\\\/\\\/staging.guigal.com\\\/en\\\/maison-guigal\\\/#primaryimage\",\"url\":\"https:\\\/\\\/staging.guigal.com\\\/wp-content\\\/uploads\\\/Famille-Guigal-02.jpg\",\"contentUrl\":\"https:\\\/\\\/staging.guigal.com\\\/wp-content\\\/uploads\\\/Famille-Guigal-02.jpg\",\"width\":1920,\"height\":1278,\"caption\":\"Guigal Family\"},{\"@type\":\"BreadcrumbList\",\"@id\":\"https:\\\/\\\/staging.guigal.com\\\/en\\\/maison-guigal\\\/#breadcrumb\",\"itemListElement\":[{\"@type\":\"ListItem\",\"position\":1,\"name\":\"Guigal\",\"item\":\"https:\\\/\\\/staging.guigal.com\\\/en\\\/home\\\/\"},{\"@type\":\"ListItem\",\"position\":2,\"name\":\"Maison Guigal\"}]},{\"@type\":\"WebSite\",\"@id\":\"https:\\\/\\\/staging.guigal.com\\\/en\\\/#website\",\"url\":\"https:\\\/\\\/staging.guigal.com\\\/en\\\/\",\"name\":\"Vins Guigal : Vins cotes du Rh\u00f4ne, Ampuis, C\u00f4te-R\u00f4tie, Condrieu, Mouline | E.GUIGAL\",\"description\":\"D\u00e9couvrez l&#039;ensemble du vignoble de la Maison GUIGAL gr\u00e2ce aux outils de g\u00e9olocalisation et aux fiches techniques de l&#039;ensemble de nos vins et de leurs mill\u00e9simes : Ampuis, C\u00f4te-R\u00f4tie, Condrieu, Mouline, Landonne, Turque, Doriane, Hermitage, Ch\u00e2teauneuf, Ermitage, Ex-Voto, Vignes de l&#039;Hospice, Brune et Blonde, Lieu-dit, C\u00f4tes du Rh\u00f4ne\",\"publisher\":{\"@id\":\"https:\\\/\\\/staging.guigal.com\\\/en\\\/#organization\"},\"potentialAction\":[{\"@type\":\"SearchAction\",\"target\":{\"@type\":\"EntryPoint\",\"urlTemplate\":\"https:\\\/\\\/staging.guigal.com\\\/en\\\/?s={search_term_string}\"},\"query-input\":{\"@type\":\"PropertyValueSpecification\",\"valueRequired\":true,\"valueName\":\"search_term_string\"}}],\"inLanguage\":\"en-US\"},{\"@type\":\"Organization\",\"@id\":\"https:\\\/\\\/staging.guigal.com\\\/en\\\/#organization\",\"name\":\"Vins Guigal : Vins cotes du Rh\u00f4ne, Ampuis, C\u00f4te-R\u00f4tie, Condrieu, Mouline | E.GUIGAL\",\"url\":\"https:\\\/\\\/staging.guigal.com\\\/en\\\/\",\"logo\":{\"@type\":\"ImageObject\",\"inLanguage\":\"en-US\",\"@id\":\"https:\\\/\\\/staging.guigal.com\\\/en\\\/#\\\/schema\\\/logo\\\/image\\\/\",\"url\":\"https:\\\/\\\/staging.guigal.com\\\/wp-content\\\/uploads\\\/logo-guigal.png\",\"contentUrl\":\"https:\\\/\\\/staging.guigal.com\\\/wp-content\\\/uploads\\\/logo-guigal.png\",\"width\":1024,\"height\":211,\"caption\":\"Vins Guigal : Vins cotes du Rh\u00f4ne, Ampuis, C\u00f4te-R\u00f4tie, Condrieu, Mouline | E.GUIGAL\"},\"image\":{\"@id\":\"https:\\\/\\\/staging.guigal.com\\\/en\\\/#\\\/schema\\\/logo\\\/image\\\/\"}}]}<\/script>\n<!-- \/ Yoast SEO plugin. -->","yoast_head_json":{"title":"Maison Guigal \u2013 Exceptional Wines from the Rh\u00f4ne Valley","description":"Discover Maison Guigal, an iconic family-owned winery in the Rh\u00f4ne Valley. Three generations of expertise have gone into crafting exceptional wines.","robots":{"index":"noindex","follow":"follow","max-snippet":"max-snippet:-1","max-image-preview":"max-image-preview:large","max-video-preview":"max-video-preview:-1"},"schema":{"@context":"https:\/\/schema.org","@graph":[{"@type":"WebPage","@id":"https:\/\/staging.guigal.com\/en\/maison-guigal\/","url":"https:\/\/staging.guigal.com\/en\/maison-guigal\/","name":"Maison Guigal \u2013 Exceptional Wines from the Rh\u00f4ne Valley","isPartOf":{"@id":"https:\/\/staging.guigal.com\/en\/#website"},"primaryImageOfPage":{"@id":"https:\/\/staging.guigal.com\/en\/maison-guigal\/#primaryimage"},"image":{"@id":"https:\/\/staging.guigal.com\/en\/maison-guigal\/#primaryimage"},"thumbnailUrl":"https:\/\/staging.guigal.com\/wp-content\/uploads\/Famille-Guigal-02.jpg","datePublished":"2025-12-15T14:56:05+00:00","dateModified":"2026-04-13T09:47:19+00:00","description":"Discover Maison Guigal, an iconic family-owned winery in the Rh\u00f4ne Valley. Three generations of expertise have gone into crafting exceptional wines.","breadcrumb":{"@id":"https:\/\/staging.guigal.com\/en\/maison-guigal\/#breadcrumb"},"inLanguage":"en-US","potentialAction":[{"@type":"ReadAction","target":["https:\/\/staging.guigal.com\/en\/maison-guigal\/"]}]},{"@type":"ImageObject","inLanguage":"en-US","@id":"https:\/\/staging.guigal.com\/en\/maison-guigal\/#primaryimage","url":"https:\/\/staging.guigal.com\/wp-content\/uploads\/Famille-Guigal-02.jpg","contentUrl":"https:\/\/staging.guigal.com\/wp-content\/uploads\/Famille-Guigal-02.jpg","width":1920,"height":1278,"caption":"Guigal Family"},{"@type":"BreadcrumbList","@id":"https:\/\/staging.guigal.com\/en\/maison-guigal\/#breadcrumb","itemListElement":[{"@type":"ListItem","position":1,"name":"Guigal","item":"https:\/\/staging.guigal.com\/en\/home\/"},{"@type":"ListItem","position":2,"name":"Maison Guigal"}]},{"@type":"WebSite","@id":"https:\/\/staging.guigal.com\/en\/#website","url":"https:\/\/staging.guigal.com\/en\/","name":"Vins Guigal : Vins cotes du Rh\u00f4ne, Ampuis, C\u00f4te-R\u00f4tie, Condrieu, Mouline | E.GUIGAL","description":"D\u00e9couvrez l&#039;ensemble du vignoble de la Maison GUIGAL gr\u00e2ce aux outils de g\u00e9olocalisation et aux fiches techniques de l&#039;ensemble de nos vins et de leurs mill\u00e9simes : Ampuis, C\u00f4te-R\u00f4tie, Condrieu, Mouline, Landonne, Turque, Doriane, Hermitage, Ch\u00e2teauneuf, Ermitage, Ex-Voto, Vignes de l&#039;Hospice, Brune et Blonde, Lieu-dit, C\u00f4tes du Rh\u00f4ne","publisher":{"@id":"https:\/\/staging.guigal.com\/en\/#organization"},"potentialAction":[{"@type":"SearchAction","target":{"@type":"EntryPoint","urlTemplate":"https:\/\/staging.guigal.com\/en\/?s={search_term_string}"},"query-input":{"@type":"PropertyValueSpecification","valueRequired":true,"valueName":"search_term_string"}}],"inLanguage":"en-US"},{"@type":"Organization","@id":"https:\/\/staging.guigal.com\/en\/#organization","name":"Vins Guigal : Vins cotes du Rh\u00f4ne, Ampuis, C\u00f4te-R\u00f4tie, Condrieu, Mouline | E.GUIGAL","url":"https:\/\/staging.guigal.com\/en\/","logo":{"@type":"ImageObject","inLanguage":"en-US","@id":"https:\/\/staging.guigal.com\/en\/#\/schema\/logo\/image\/","url":"https:\/\/staging.guigal.com\/wp-content\/uploads\/logo-guigal.png","contentUrl":"https:\/\/staging.guigal.com\/wp-content\/uploads\/logo-guigal.png","width":1024,"height":211,"caption":"Vins Guigal : Vins cotes du Rh\u00f4ne, Ampuis, C\u00f4te-R\u00f4tie, Condrieu, Mouline | E.GUIGAL"},"image":{"@id":"https:\/\/staging.guigal.com\/en\/#\/schema\/logo\/image\/"}}]}},"_links":{"self":[{"href":"https:\/\/staging.guigal.com\/en\/wp-json\/wp\/v2\/pages\/2288","targetHints":{"allow":["GET"]}}],"collection":[{"href":"https:\/\/staging.guigal.com\/en\/wp-json\/wp\/v2\/pages"}],"about":[{"href":"https:\/\/staging.guigal.com\/en\/wp-json\/wp\/v2\/types\/page"}],"author":[{"embeddable":true,"href":"https:\/\/staging.guigal.com\/en\/wp-json\/wp\/v2\/users\/1"}],"replies":[{"embeddable":true,"href":"https:\/\/staging.guigal.com\/en\/wp-json\/wp\/v2\/comments?post=2288"}],"version-history":[{"count":1,"href":"https:\/\/staging.guigal.com\/en\/wp-json\/wp\/v2\/pages\/2288\/revisions"}],"predecessor-version":[{"id":2289,"href":"https:\/\/staging.guigal.com\/en\/wp-json\/wp\/v2\/pages\/2288\/revisions\/2289"}],"wp:featuredmedia":[{"embeddable":true,"href":"https:\/\/staging.guigal.com\/en\/wp-json\/wp\/v2\/media\/2231"}],"wp:attachment":[{"href":"https:\/\/staging.guigal.com\/en\/wp-json\/wp\/v2\/media?parent=2288"}],"curies":[{"name":"wp","href":"https:\/\/api.w.org\/{rel}","templated":true}]}}