{"id":2364,"date":"2025-12-15T14:58:51","date_gmt":"2025-12-15T14:58:51","guid":{"rendered":"https:\/\/staging.guigal.com\/legal-notice\/"},"modified":"2026-04-13T10:09:37","modified_gmt":"2026-04-13T10:09:37","slug":"legal-notice","status":"publish","type":"page","link":"https:\/\/staging.guigal.com\/en\/legal-notice\/","title":{"rendered":"Legal notice"},"content":{"rendered":"\t\t<div data-elementor-type=\"wp-page\" data-elementor-id=\"2364\" class=\"elementor elementor-2364 elementor-63\" data-elementor-post-type=\"page\">\n\t\t\t\t<div class=\"elementor-element elementor-element-dfc5768 e-flex e-con-boxed e-con e-parent\" data-id=\"dfc5768\" data-element_type=\"container\" data-e-type=\"container\">\n\t\t\t\t\t<div class=\"e-con-inner\">\n\t\t\t\t<div class=\"elementor-element elementor-element-9dc4e70 elementor-widget elementor-widget-text-editor\" data-id=\"9dc4e70\" data-element_type=\"widget\" data-e-type=\"widget\" data-widget_type=\"text-editor.default\">\n\t\t\t\t\t\t\t\t\t<h2>Legal notice<\/h2><p>This website www.guigal.com is the property of the company E. GUIGAL, a simplified joint-stock company (S.A.S.) with share capital of \u20ac2,200,000, registered with the Lyon Trade and Companies Register under number 74 B 823, whose registered office is located in Ampuis.<\/p><p>Any total or partial reproduction of this website and its content, by any means whatsoever, without the prior express authorisation of E. GUIGAL S.A.S., is prohibited and would constitute an infringement punishable under Articles L335-2 et seq. of the French Intellectual Property Code.<\/p><p>Any breach of these provisions exposes the offender and any persons responsible to the criminal and civil penalties provided for under French law.<\/p><p>For any information and requests for reproduction on paper or electronic media: <a href=\"mailto:coordinator@guigal.com\">coordinator@guigal.com<\/a>.<\/p><h2>Design &amp; development <\/h2><p>KORIGAN<br>22, rue de S\u00e9t\u00e9r\u00e9e<br>ZA Route de Ponet<br>26150 DIE<br>France<br><a href=\"mailto:contact@korigan.fr\">contact@korigan.fr<\/a><br><a href=\"https:\/\/www.korigan.fr\/\" target=\"_blank\" rel=\"noopener\">www.korigan.fr<\/a><br>Tel. +33 (0)4 75 21 42 81<\/p><h2>Publishing director<\/h2><p>Eve GUIGAL<br>E.GUIGAL S.A.S.<br>Registered office: Ch\u00e2teau d\u2019Ampuis \u2013 69420 AMPUIS<br><a href=\"mailto:contact@guigal.com\">contact@guigal.com<\/a><br>Tel. +33 (0)4 74 56 10 22<\/p><h2>Hosting<\/h2><p>OVH<br>140 Quai du SARTEL<br>59100 Roubaix France<\/p><h2>Note<\/h2><p>Pursuant to Ordinance No. 59-107 of 7 January 1959 and Law No. 74-631 of 5 July 1974, the sale of alcohol to minors under 16 years of age is prohibited. Any person ordering wine from a seller therefore undertakes to be at least 16 years of age on the date of the order.  Alcohol abuse is dangerous for your health. Please consume in moderation.<\/p><h2>Photo credits<\/h2><ul><li>E. GUIGAL S.A.S.<\/li><li>STEPHANE CHALAYE PHOTOGRAPHIE<\/li><li>ATELIER NICOLAS DEMOULIN<\/li><li>CELINE VAUTEY PHOTOGRAPHIE<\/li><li>STUDIOFLY<\/li><li>ACTUADRONE<\/li><\/ul>\t\t\t\t\t\t\t\t<\/div>\n\t\t\t\t\t<\/div>\n\t\t\t\t<\/div>\n\t\t\t\t<\/div>\n\t\t","protected":false},"excerpt":{"rendered":"<p>Legal notice This website www.guigal.com is the property of the company E. GUIGAL, a simplified joint-stock company (S.A.S.) with share capital of \u20ac2,200,000, registered with the Lyon Trade and Companies Register under number 74 B 823, whose registered office is located in Ampuis. Any total or partial reproduction of this website and its content, by [&hellip;]<\/p>\n","protected":false},"author":1,"featured_media":2259,"parent":0,"menu_order":0,"comment_status":"closed","ping_status":"closed","template":"","meta":{"_acf_changed":false,"footnotes":""},"class_list":["post-2364","page","type-page","status-publish","has-post-thumbnail","hentry"],"acf":[],"yoast_head":"<!-- This site is optimized with the Yoast SEO plugin v27.4 - https:\/\/yoast.com\/product\/yoast-seo-wordpress\/ -->\n<title>Legal notice | E.GUIGAL<\/title>\n<meta name=\"robots\" content=\"noindex, follow, max-snippet:-1, max-image-preview:large, max-video-preview:-1\" \/>\n<script type=\"application\/ld+json\" class=\"yoast-schema-graph\">{\"@context\":\"https:\\\/\\\/schema.org\",\"@graph\":[{\"@type\":\"WebPage\",\"@id\":\"https:\\\/\\\/staging.guigal.com\\\/en\\\/legal-notice\\\/\",\"url\":\"https:\\\/\\\/staging.guigal.com\\\/en\\\/legal-notice\\\/\",\"name\":\"Legal notice | E.GUIGAL\",\"isPartOf\":{\"@id\":\"https:\\\/\\\/staging.guigal.com\\\/en\\\/#website\"},\"primaryImageOfPage\":{\"@id\":\"https:\\\/\\\/staging.guigal.com\\\/en\\\/legal-notice\\\/#primaryimage\"},\"image\":{\"@id\":\"https:\\\/\\\/staging.guigal.com\\\/en\\\/legal-notice\\\/#primaryimage\"},\"thumbnailUrl\":\"https:\\\/\\\/staging.guigal.com\\\/wp-content\\\/uploads\\\/Logo-Guigal-2.png\",\"datePublished\":\"2025-12-15T14:58:51+00:00\",\"dateModified\":\"2026-04-13T10:09:37+00:00\",\"breadcrumb\":{\"@id\":\"https:\\\/\\\/staging.guigal.com\\\/en\\\/legal-notice\\\/#breadcrumb\"},\"inLanguage\":\"en-US\",\"potentialAction\":[{\"@type\":\"ReadAction\",\"target\":[\"https:\\\/\\\/staging.guigal.com\\\/en\\\/legal-notice\\\/\"]}]},{\"@type\":\"ImageObject\",\"inLanguage\":\"en-US\",\"@id\":\"https:\\\/\\\/staging.guigal.com\\\/en\\\/legal-notice\\\/#primaryimage\",\"url\":\"https:\\\/\\\/staging.guigal.com\\\/wp-content\\\/uploads\\\/Logo-Guigal-2.png\",\"contentUrl\":\"https:\\\/\\\/staging.guigal.com\\\/wp-content\\\/uploads\\\/Logo-Guigal-2.png\",\"width\":934,\"height\":768,\"caption\":\"Guigal Coat\"},{\"@type\":\"BreadcrumbList\",\"@id\":\"https:\\\/\\\/staging.guigal.com\\\/en\\\/legal-notice\\\/#breadcrumb\",\"itemListElement\":[{\"@type\":\"ListItem\",\"position\":1,\"name\":\"Guigal\",\"item\":\"https:\\\/\\\/staging.guigal.com\\\/en\\\/home\\\/\"},{\"@type\":\"ListItem\",\"position\":2,\"name\":\"Legal notice\"}]},{\"@type\":\"WebSite\",\"@id\":\"https:\\\/\\\/staging.guigal.com\\\/en\\\/#website\",\"url\":\"https:\\\/\\\/staging.guigal.com\\\/en\\\/\",\"name\":\"Vins Guigal : Vins cotes du Rh\u00f4ne, Ampuis, C\u00f4te-R\u00f4tie, Condrieu, Mouline | E.GUIGAL\",\"description\":\"D\u00e9couvrez l&#039;ensemble du vignoble de la Maison GUIGAL gr\u00e2ce aux outils de g\u00e9olocalisation et aux fiches techniques de l&#039;ensemble de nos vins et de leurs mill\u00e9simes : Ampuis, C\u00f4te-R\u00f4tie, Condrieu, Mouline, Landonne, Turque, Doriane, Hermitage, Ch\u00e2teauneuf, Ermitage, Ex-Voto, Vignes de l&#039;Hospice, Brune et Blonde, Lieu-dit, C\u00f4tes du Rh\u00f4ne\",\"publisher\":{\"@id\":\"https:\\\/\\\/staging.guigal.com\\\/en\\\/#organization\"},\"potentialAction\":[{\"@type\":\"SearchAction\",\"target\":{\"@type\":\"EntryPoint\",\"urlTemplate\":\"https:\\\/\\\/staging.guigal.com\\\/en\\\/?s={search_term_string}\"},\"query-input\":{\"@type\":\"PropertyValueSpecification\",\"valueRequired\":true,\"valueName\":\"search_term_string\"}}],\"inLanguage\":\"en-US\"},{\"@type\":\"Organization\",\"@id\":\"https:\\\/\\\/staging.guigal.com\\\/en\\\/#organization\",\"name\":\"Vins Guigal : Vins cotes du Rh\u00f4ne, Ampuis, C\u00f4te-R\u00f4tie, Condrieu, Mouline | E.GUIGAL\",\"url\":\"https:\\\/\\\/staging.guigal.com\\\/en\\\/\",\"logo\":{\"@type\":\"ImageObject\",\"inLanguage\":\"en-US\",\"@id\":\"https:\\\/\\\/staging.guigal.com\\\/en\\\/#\\\/schema\\\/logo\\\/image\\\/\",\"url\":\"https:\\\/\\\/staging.guigal.com\\\/wp-content\\\/uploads\\\/logo-guigal.png\",\"contentUrl\":\"https:\\\/\\\/staging.guigal.com\\\/wp-content\\\/uploads\\\/logo-guigal.png\",\"width\":1024,\"height\":211,\"caption\":\"Vins Guigal : Vins cotes du Rh\u00f4ne, Ampuis, C\u00f4te-R\u00f4tie, Condrieu, Mouline | E.GUIGAL\"},\"image\":{\"@id\":\"https:\\\/\\\/staging.guigal.com\\\/en\\\/#\\\/schema\\\/logo\\\/image\\\/\"}}]}<\/script>\n<!-- \/ Yoast SEO plugin. -->","yoast_head_json":{"title":"Legal notice | E.GUIGAL","robots":{"index":"noindex","follow":"follow","max-snippet":"max-snippet:-1","max-image-preview":"max-image-preview:large","max-video-preview":"max-video-preview:-1"},"schema":{"@context":"https:\/\/schema.org","@graph":[{"@type":"WebPage","@id":"https:\/\/staging.guigal.com\/en\/legal-notice\/","url":"https:\/\/staging.guigal.com\/en\/legal-notice\/","name":"Legal notice | E.GUIGAL","isPartOf":{"@id":"https:\/\/staging.guigal.com\/en\/#website"},"primaryImageOfPage":{"@id":"https:\/\/staging.guigal.com\/en\/legal-notice\/#primaryimage"},"image":{"@id":"https:\/\/staging.guigal.com\/en\/legal-notice\/#primaryimage"},"thumbnailUrl":"https:\/\/staging.guigal.com\/wp-content\/uploads\/Logo-Guigal-2.png","datePublished":"2025-12-15T14:58:51+00:00","dateModified":"2026-04-13T10:09:37+00:00","breadcrumb":{"@id":"https:\/\/staging.guigal.com\/en\/legal-notice\/#breadcrumb"},"inLanguage":"en-US","potentialAction":[{"@type":"ReadAction","target":["https:\/\/staging.guigal.com\/en\/legal-notice\/"]}]},{"@type":"ImageObject","inLanguage":"en-US","@id":"https:\/\/staging.guigal.com\/en\/legal-notice\/#primaryimage","url":"https:\/\/staging.guigal.com\/wp-content\/uploads\/Logo-Guigal-2.png","contentUrl":"https:\/\/staging.guigal.com\/wp-content\/uploads\/Logo-Guigal-2.png","width":934,"height":768,"caption":"Guigal Coat"},{"@type":"BreadcrumbList","@id":"https:\/\/staging.guigal.com\/en\/legal-notice\/#breadcrumb","itemListElement":[{"@type":"ListItem","position":1,"name":"Guigal","item":"https:\/\/staging.guigal.com\/en\/home\/"},{"@type":"ListItem","position":2,"name":"Legal notice"}]},{"@type":"WebSite","@id":"https:\/\/staging.guigal.com\/en\/#website","url":"https:\/\/staging.guigal.com\/en\/","name":"Vins Guigal : Vins cotes du Rh\u00f4ne, Ampuis, C\u00f4te-R\u00f4tie, Condrieu, Mouline | E.GUIGAL","description":"D\u00e9couvrez l&#039;ensemble du vignoble de la Maison GUIGAL gr\u00e2ce aux outils de g\u00e9olocalisation et aux fiches techniques de l&#039;ensemble de nos vins et de leurs mill\u00e9simes : Ampuis, C\u00f4te-R\u00f4tie, Condrieu, Mouline, Landonne, Turque, Doriane, Hermitage, Ch\u00e2teauneuf, Ermitage, Ex-Voto, Vignes de l&#039;Hospice, Brune et Blonde, Lieu-dit, C\u00f4tes du Rh\u00f4ne","publisher":{"@id":"https:\/\/staging.guigal.com\/en\/#organization"},"potentialAction":[{"@type":"SearchAction","target":{"@type":"EntryPoint","urlTemplate":"https:\/\/staging.guigal.com\/en\/?s={search_term_string}"},"query-input":{"@type":"PropertyValueSpecification","valueRequired":true,"valueName":"search_term_string"}}],"inLanguage":"en-US"},{"@type":"Organization","@id":"https:\/\/staging.guigal.com\/en\/#organization","name":"Vins Guigal : Vins cotes du Rh\u00f4ne, Ampuis, C\u00f4te-R\u00f4tie, Condrieu, Mouline | E.GUIGAL","url":"https:\/\/staging.guigal.com\/en\/","logo":{"@type":"ImageObject","inLanguage":"en-US","@id":"https:\/\/staging.guigal.com\/en\/#\/schema\/logo\/image\/","url":"https:\/\/staging.guigal.com\/wp-content\/uploads\/logo-guigal.png","contentUrl":"https:\/\/staging.guigal.com\/wp-content\/uploads\/logo-guigal.png","width":1024,"height":211,"caption":"Vins Guigal : Vins cotes du Rh\u00f4ne, Ampuis, C\u00f4te-R\u00f4tie, Condrieu, Mouline | E.GUIGAL"},"image":{"@id":"https:\/\/staging.guigal.com\/en\/#\/schema\/logo\/image\/"}}]}},"_links":{"self":[{"href":"https:\/\/staging.guigal.com\/en\/wp-json\/wp\/v2\/pages\/2364","targetHints":{"allow":["GET"]}}],"collection":[{"href":"https:\/\/staging.guigal.com\/en\/wp-json\/wp\/v2\/pages"}],"about":[{"href":"https:\/\/staging.guigal.com\/en\/wp-json\/wp\/v2\/types\/page"}],"author":[{"embeddable":true,"href":"https:\/\/staging.guigal.com\/en\/wp-json\/wp\/v2\/users\/1"}],"replies":[{"embeddable":true,"href":"https:\/\/staging.guigal.com\/en\/wp-json\/wp\/v2\/comments?post=2364"}],"version-history":[{"count":1,"href":"https:\/\/staging.guigal.com\/en\/wp-json\/wp\/v2\/pages\/2364\/revisions"}],"predecessor-version":[{"id":2365,"href":"https:\/\/staging.guigal.com\/en\/wp-json\/wp\/v2\/pages\/2364\/revisions\/2365"}],"wp:featuredmedia":[{"embeddable":true,"href":"https:\/\/staging.guigal.com\/en\/wp-json\/wp\/v2\/media\/2259"}],"wp:attachment":[{"href":"https:\/\/staging.guigal.com\/en\/wp-json\/wp\/v2\/media?parent=2364"}],"curies":[{"name":"wp","href":"https:\/\/api.w.org\/{rel}","templated":true}]}}