{"id":2366,"date":"2025-12-15T14:59:31","date_gmt":"2025-12-15T14:59:31","guid":{"rendered":"https:\/\/staging.guigal.com\/sitemap\/"},"modified":"2026-04-13T10:10:23","modified_gmt":"2026-04-13T10:10:23","slug":"sitemap","status":"publish","type":"page","link":"https:\/\/staging.guigal.com\/en\/sitemap\/","title":{"rendered":"Sitemap"},"content":{"rendered":"\t\t<div data-elementor-type=\"wp-page\" data-elementor-id=\"2366\" class=\"elementor elementor-2366 elementor-67\" data-elementor-post-type=\"page\">\n\t\t\t\t<div class=\"elementor-element elementor-element-edc4c40 e-flex e-con-boxed e-con e-parent\" data-id=\"edc4c40\" data-element_type=\"container\" data-e-type=\"container\" data-settings=\"{&quot;background_background&quot;:&quot;classic&quot;}\">\n\t\t\t\t\t<div class=\"e-con-inner\">\n\t\t\t\t<div class=\"elementor-element elementor-element-999f9a1 elementor-widget elementor-widget-sitemap\" data-id=\"999f9a1\" data-element_type=\"widget\" data-e-type=\"widget\" data-widget_type=\"sitemap.default\">\n\t\t\t\t\t<div class=\"elementor-sitemap-wrap\"><div class=\"elementor-sitemap-section\"><h2 class=\"elementor-sitemap-title elementor-sitemap-page-title\"> Pages<\/h2><ul class=\"elementor-sitemap-list elementor-sitemap-page-list\"><li class=\"elementor-sitemap-item elementor-sitemap-item-page page_item page-item-2236\"><a href=\"https:\/\/staging.guigal.com\/en\/\">Home<\/a><\/li><li class=\"elementor-sitemap-item elementor-sitemap-item-page page_item page-item-2288\"><a href=\"https:\/\/staging.guigal.com\/en\/maison-guigal\/\">Maison Guigal<\/a><ul class='children'><li class=\"elementor-sitemap-item elementor-sitemap-item-page page_item page-item-2325\"><a href=\"https:\/\/staging.guigal.com\/en\/maison-guigal\/our-history\/\">Our History<\/a><\/li><li class=\"elementor-sitemap-item elementor-sitemap-item-page page_item page-item-2312\"><a href=\"https:\/\/staging.guigal.com\/en\/maison-guigal\/winemaking\/\">Winemaking<\/a><\/li><li class=\"elementor-sitemap-item elementor-sitemap-item-page page_item page-item-2297\"><a href=\"https:\/\/staging.guigal.com\/en\/maison-guigal\/the-cooperage\/\">The Cooperage<\/a><\/li><\/ul><\/li><li class=\"elementor-sitemap-item elementor-sitemap-item-page page_item page-item-2342\"><a href=\"https:\/\/staging.guigal.com\/en\/the-wines\/\">The Wines<\/a><\/li><li class=\"elementor-sitemap-item elementor-sitemap-item-page page_item page-item-2340\"><a href=\"https:\/\/staging.guigal.com\/en\/the-vineyards\/\">The Vineyards<\/a><\/li><li class=\"elementor-sitemap-item elementor-sitemap-item-page page_item page-item-2362\"><a href=\"https:\/\/staging.guigal.com\/en\/medias\/\">Medias<\/a><\/li><li class=\"elementor-sitemap-item elementor-sitemap-item-page page_item page-item-2281\"><a href=\"https:\/\/staging.guigal.com\/en\/contact\/\">Contact<\/a><\/li><li class=\"elementor-sitemap-item elementor-sitemap-item-page page_item page-item-2364\"><a href=\"https:\/\/staging.guigal.com\/en\/legal-notice\/\">Legal notice<\/a><\/li><li class=\"elementor-sitemap-item elementor-sitemap-item-page page_item page-item-2276\"><a href=\"https:\/\/staging.guigal.com\/en\/confidentiality\/\">Confidentiality<\/a><\/li><li class=\"elementor-sitemap-item elementor-sitemap-item-page page_item page-item-2366\"><a href=\"https:\/\/staging.guigal.com\/en\/sitemap\/\">Sitemap<\/a><\/li><\/ul><\/div><div class=\"elementor-sitemap-section\"><h2 class=\"elementor-sitemap-title elementor-sitemap-vin-title\">Wines<\/h2><ul class=\"elementor-sitemap-list elementor-sitemap-vin-list\"><li class=\"elementor-sitemap-item elementor-sitemap-item-vin page_item page-item-2457\"><a href=\"https:\/\/staging.guigal.com\/en\/wine\/cote-rotie-brune-blonde-de-guigal\/\">C\u00f4te-R\u00f4tie Brune &amp; Blonde de Guigal<\/a><\/li><li class=\"elementor-sitemap-item elementor-sitemap-item-vin page_item page-item-2461\"><a href=\"https:\/\/staging.guigal.com\/en\/wine\/cote-rotie-chateau-dampuis\/\">C\u00f4te-R\u00f4tie &#8220;Ch\u00e2teau d&#8217;Ampuis&#8221;<\/a><\/li><li class=\"elementor-sitemap-item elementor-sitemap-item-vin page_item page-item-2465\"><a href=\"https:\/\/staging.guigal.com\/en\/wine\/cote-rotie-la-mouline\/\">C\u00f4te-R\u00f4tie &#8220;La&nbsp;Mouline&#8221;<\/a><\/li><li class=\"elementor-sitemap-item elementor-sitemap-item-vin page_item page-item-2470\"><a href=\"https:\/\/staging.guigal.com\/en\/wine\/cote-rotie-la-turque\/\">C\u00f4te-R\u00f4tie &#8220;La&nbsp;Turque&#8221;<\/a><\/li><li class=\"elementor-sitemap-item elementor-sitemap-item-vin page_item page-item-2474\"><a href=\"https:\/\/staging.guigal.com\/en\/wine\/cote-rotie-la-reynarde\/\">C\u00f4te-R\u00f4tie &#8220;La&nbsp;Reynarde&#8221;<\/a><\/li><li class=\"elementor-sitemap-item elementor-sitemap-item-vin page_item page-item-2478\"><a href=\"https:\/\/staging.guigal.com\/en\/wine\/cote-rotie-la-landonne\/\">C\u00f4te-R\u00f4tie &#8220;La&nbsp;Landonne&#8221;<\/a><\/li><li class=\"elementor-sitemap-item elementor-sitemap-item-vin page_item page-item-2482\"><a href=\"https:\/\/staging.guigal.com\/en\/wine\/condrieu\/\">Condrieu<\/a><\/li><li class=\"elementor-sitemap-item elementor-sitemap-item-vin page_item page-item-2485\"><a href=\"https:\/\/staging.guigal.com\/en\/wine\/condrieu-la-doriane\/\">Condrieu &#8220;La&nbsp;Doriane&#8221;<\/a><\/li><li class=\"elementor-sitemap-item elementor-sitemap-item-vin page_item page-item-2489\"><a href=\"https:\/\/staging.guigal.com\/en\/wine\/condrieu-luminescence\/\">Condrieu &#8220;Luminescence&#8221;<\/a><\/li><li class=\"elementor-sitemap-item elementor-sitemap-item-vin page_item page-item-2493\"><a href=\"https:\/\/staging.guigal.com\/en\/wine\/hermitage-white\/\">Hermitage White<\/a><\/li><li class=\"elementor-sitemap-item elementor-sitemap-item-vin page_item page-item-2498\"><a href=\"https:\/\/staging.guigal.com\/en\/wine\/ermitage-ex-voto-white\/\">Ermitage &#8220;Ex-Voto&#8221; White<\/a><\/li><li class=\"elementor-sitemap-item elementor-sitemap-item-vin page_item page-item-2503\"><a href=\"https:\/\/staging.guigal.com\/en\/wine\/hermitage-red\/\">Hermitage Red<\/a><\/li><li class=\"elementor-sitemap-item elementor-sitemap-item-vin page_item page-item-2507\"><a href=\"https:\/\/staging.guigal.com\/en\/wine\/ermitage-ex-voto-red\/\">Ermitage &#8220;Ex-Voto&#8221; Red<\/a><\/li><li class=\"elementor-sitemap-item elementor-sitemap-item-vin page_item page-item-2511\"><a href=\"https:\/\/staging.guigal.com\/en\/wine\/saint-joseph-white\/\">Saint-Joseph White<\/a><\/li><li class=\"elementor-sitemap-item elementor-sitemap-item-vin page_item page-item-2515\"><a href=\"https:\/\/staging.guigal.com\/en\/wine\/saint-joseph-lieu-dit-white\/\">Saint-Joseph &#8220;Lieu-dit&#8221; White<\/a><\/li><li class=\"elementor-sitemap-item elementor-sitemap-item-vin page_item page-item-2519\"><a href=\"https:\/\/staging.guigal.com\/en\/wine\/saint-joseph-red\/\">Saint-Joseph Red<\/a><\/li><li class=\"elementor-sitemap-item elementor-sitemap-item-vin page_item page-item-2523\"><a href=\"https:\/\/staging.guigal.com\/en\/wine\/saint-joseph-lieu-dit-red\/\">Saint-Joseph &#8220;Lieu-dit&#8221; Red<\/a><\/li><li class=\"elementor-sitemap-item elementor-sitemap-item-vin page_item page-item-2528\"><a href=\"https:\/\/staging.guigal.com\/en\/wine\/saint-joseph-vignes-de-lhospice\/\">Saint-Joseph &#8220;Vignes de l&#8217;Hospice&#8221;<\/a><\/li><li class=\"elementor-sitemap-item elementor-sitemap-item-vin page_item page-item-2532\"><a href=\"https:\/\/staging.guigal.com\/en\/wine\/crozes-hermitage-white\/\">Crozes-Hermitage White<\/a><\/li><li class=\"elementor-sitemap-item elementor-sitemap-item-vin page_item page-item-2536\"><a href=\"https:\/\/staging.guigal.com\/en\/wine\/crozes-hermitage-red\/\">Crozes-Hermitage Red<\/a><\/li><li class=\"elementor-sitemap-item elementor-sitemap-item-vin page_item page-item-2539\"><a href=\"https:\/\/staging.guigal.com\/en\/wine\/chateauneuf-du-pape-white\/\">Ch\u00e2teauneuf-du-Pape White<\/a><\/li><li class=\"elementor-sitemap-item elementor-sitemap-item-vin page_item page-item-2417\"><a href=\"https:\/\/staging.guigal.com\/en\/wine\/saintes-pierres-de-nalys-white\/\">Saintes Pierres de Nalys White<\/a><\/li><li class=\"elementor-sitemap-item elementor-sitemap-item-vin page_item page-item-2408\"><a href=\"https:\/\/staging.guigal.com\/en\/wine\/chateau-de-nalys-white\/\">Ch\u00e2teau de Nalys White<\/a><\/li><li class=\"elementor-sitemap-item elementor-sitemap-item-vin page_item page-item-2545\"><a href=\"https:\/\/staging.guigal.com\/en\/wine\/chateauneuf-du-pape-red\/\">Ch\u00e2teauneuf-du-Pape Red<\/a><\/li><li class=\"elementor-sitemap-item elementor-sitemap-item-vin page_item page-item-2422\"><a href=\"https:\/\/staging.guigal.com\/en\/wine\/saintes-pierres-de-nalys-red\/\">Saintes Pierres de Nalys Red<\/a><\/li><li class=\"elementor-sitemap-item elementor-sitemap-item-vin page_item page-item-2411\"><a href=\"https:\/\/staging.guigal.com\/en\/wine\/chateau-de-nalys-red\/\">Ch\u00e2teau de Nalys Red<\/a><\/li><li class=\"elementor-sitemap-item elementor-sitemap-item-vin page_item page-item-2550\"><a href=\"https:\/\/staging.guigal.com\/en\/wine\/gigondas-red\/\">Gigondas Red<\/a><\/li><li class=\"elementor-sitemap-item elementor-sitemap-item-vin page_item page-item-2553\"><a href=\"https:\/\/staging.guigal.com\/en\/wine\/tavel\/\">Tavel<\/a><\/li><li class=\"elementor-sitemap-item elementor-sitemap-item-vin page_item page-item-2558\"><a href=\"https:\/\/staging.guigal.com\/en\/wine\/cotes-du-rhone-white\/\">C\u00f4tes du Rh\u00f4ne White<\/a><\/li><li class=\"elementor-sitemap-item elementor-sitemap-item-vin page_item page-item-2378\"><a href=\"https:\/\/staging.guigal.com\/en\/wine\/cotes-du-rhone-rose\/\">C\u00f4tes du Rh\u00f4ne Ros\u00e9<\/a><\/li><li class=\"elementor-sitemap-item elementor-sitemap-item-vin page_item page-item-2562\"><a href=\"https:\/\/staging.guigal.com\/en\/wine\/cotes-du-rhone-red\/\">C\u00f4tes du Rh\u00f4ne Red<\/a><\/li><\/ul><\/div><div class=\"elementor-sitemap-section\"><h2 class=\"elementor-sitemap-title elementor-sitemap-collection-title\">Collections<\/h2><ul class=\"elementor-sitemap-list elementor-sitemap-collection-list\">\t<li class=\"elementor-sitemap-item elementor-sitemap-item-collection cat-item cat-item-61\"><a href=\"https:\/\/staging.guigal.com\/en\/collection\/the-treasures\/\">The Treasures<\/a>\n<\/li>\n\t<li class=\"elementor-sitemap-item elementor-sitemap-item-collection cat-item cat-item-60\"><a href=\"https:\/\/staging.guigal.com\/en\/collection\/the-collection\/\">The Collection<\/a>\n<\/li>\n\t<li class=\"elementor-sitemap-item elementor-sitemap-item-collection cat-item cat-item-59\"><a href=\"https:\/\/staging.guigal.com\/en\/collection\/chateau-de-nalys\/\">Ch\u00e2teau de Nalys<\/a>\n<\/li>\n<\/ul><\/div><div class=\"elementor-sitemap-section\"><h2 class=\"elementor-sitemap-title elementor-sitemap-vignoble-title\">Appellations<\/h2><ul class=\"elementor-sitemap-list elementor-sitemap-vignoble-list\">\t<li class=\"elementor-sitemap-item elementor-sitemap-item-vignoble cat-item cat-item-50\"><a href=\"https:\/\/staging.guigal.com\/en\/vignoble\/chateauneuf-du-pape\/\">Ch\u00e2teauneuf-du-Pape<\/a>\n<\/li>\n\t<li class=\"elementor-sitemap-item elementor-sitemap-item-vignoble cat-item cat-item-51\"><a href=\"https:\/\/staging.guigal.com\/en\/vignoble\/condrieu\/\">Condrieu<\/a>\n<\/li>\n\t<li class=\"elementor-sitemap-item elementor-sitemap-item-vignoble cat-item cat-item-53\"><a href=\"https:\/\/staging.guigal.com\/en\/vignoble\/cote-rotie\/\">C\u00f4te-R\u00f4tie<\/a>\n<\/li>\n\t<li class=\"elementor-sitemap-item elementor-sitemap-item-vignoble cat-item cat-item-54\"><a href=\"https:\/\/staging.guigal.com\/en\/vignoble\/cotes-du-rhone\/\">C\u00f4tes-du-Rh\u00f4ne<\/a>\n<\/li>\n\t<li class=\"elementor-sitemap-item elementor-sitemap-item-vignoble cat-item cat-item-52\"><a href=\"https:\/\/staging.guigal.com\/en\/vignoble\/crozes-hermitage\/\">Crozes-Hermitage<\/a>\n<\/li>\n\t<li class=\"elementor-sitemap-item elementor-sitemap-item-vignoble cat-item cat-item-55\"><a href=\"https:\/\/staging.guigal.com\/en\/vignoble\/gigondas\/\">Gigondas<\/a>\n<\/li>\n\t<li class=\"elementor-sitemap-item elementor-sitemap-item-vignoble cat-item cat-item-56\"><a href=\"https:\/\/staging.guigal.com\/en\/vignoble\/hermitage\/\">Hermitage<\/a>\n<\/li>\n\t<li class=\"elementor-sitemap-item elementor-sitemap-item-vignoble cat-item cat-item-57\"><a href=\"https:\/\/staging.guigal.com\/en\/vignoble\/saint-joseph\/\">Saint-Joseph<\/a>\n<\/li>\n\t<li class=\"elementor-sitemap-item elementor-sitemap-item-vignoble cat-item cat-item-58\"><a href=\"https:\/\/staging.guigal.com\/en\/vignoble\/tavel\/\">Tavel<\/a>\n<\/li>\n<\/ul><\/div><\/div>\t\t\t\t<\/div>\n\t\t\t\t\t<\/div>\n\t\t\t\t<\/div>\n\t\t\t\t<\/div>\n\t\t","protected":false},"excerpt":{"rendered":"","protected":false},"author":1,"featured_media":2259,"parent":0,"menu_order":0,"comment_status":"closed","ping_status":"closed","template":"","meta":{"_acf_changed":false,"footnotes":""},"class_list":["post-2366","page","type-page","status-publish","has-post-thumbnail","hentry"],"acf":[],"yoast_head":"<!-- This site is optimized with the Yoast SEO plugin v27.4 - https:\/\/yoast.com\/product\/yoast-seo-wordpress\/ -->\n<title>Sitemap | E.GUIGAL<\/title>\n<meta name=\"robots\" content=\"noindex, follow, max-snippet:-1, max-image-preview:large, max-video-preview:-1\" \/>\n<script type=\"application\/ld+json\" class=\"yoast-schema-graph\">{\"@context\":\"https:\\\/\\\/schema.org\",\"@graph\":[{\"@type\":\"WebPage\",\"@id\":\"https:\\\/\\\/staging.guigal.com\\\/en\\\/sitemap\\\/\",\"url\":\"https:\\\/\\\/staging.guigal.com\\\/en\\\/sitemap\\\/\",\"name\":\"Sitemap | E.GUIGAL\",\"isPartOf\":{\"@id\":\"https:\\\/\\\/staging.guigal.com\\\/en\\\/#website\"},\"primaryImageOfPage\":{\"@id\":\"https:\\\/\\\/staging.guigal.com\\\/en\\\/sitemap\\\/#primaryimage\"},\"image\":{\"@id\":\"https:\\\/\\\/staging.guigal.com\\\/en\\\/sitemap\\\/#primaryimage\"},\"thumbnailUrl\":\"https:\\\/\\\/staging.guigal.com\\\/wp-content\\\/uploads\\\/Logo-Guigal-2.png\",\"datePublished\":\"2025-12-15T14:59:31+00:00\",\"dateModified\":\"2026-04-13T10:10:23+00:00\",\"breadcrumb\":{\"@id\":\"https:\\\/\\\/staging.guigal.com\\\/en\\\/sitemap\\\/#breadcrumb\"},\"inLanguage\":\"en-US\",\"potentialAction\":[{\"@type\":\"ReadAction\",\"target\":[\"https:\\\/\\\/staging.guigal.com\\\/en\\\/sitemap\\\/\"]}]},{\"@type\":\"ImageObject\",\"inLanguage\":\"en-US\",\"@id\":\"https:\\\/\\\/staging.guigal.com\\\/en\\\/sitemap\\\/#primaryimage\",\"url\":\"https:\\\/\\\/staging.guigal.com\\\/wp-content\\\/uploads\\\/Logo-Guigal-2.png\",\"contentUrl\":\"https:\\\/\\\/staging.guigal.com\\\/wp-content\\\/uploads\\\/Logo-Guigal-2.png\",\"width\":934,\"height\":768,\"caption\":\"Guigal Coat\"},{\"@type\":\"BreadcrumbList\",\"@id\":\"https:\\\/\\\/staging.guigal.com\\\/en\\\/sitemap\\\/#breadcrumb\",\"itemListElement\":[{\"@type\":\"ListItem\",\"position\":1,\"name\":\"Guigal\",\"item\":\"https:\\\/\\\/staging.guigal.com\\\/en\\\/home\\\/\"},{\"@type\":\"ListItem\",\"position\":2,\"name\":\"Sitemap\"}]},{\"@type\":\"WebSite\",\"@id\":\"https:\\\/\\\/staging.guigal.com\\\/en\\\/#website\",\"url\":\"https:\\\/\\\/staging.guigal.com\\\/en\\\/\",\"name\":\"Vins Guigal : Vins cotes du Rh\u00f4ne, Ampuis, C\u00f4te-R\u00f4tie, Condrieu, Mouline | E.GUIGAL\",\"description\":\"D\u00e9couvrez l&#039;ensemble du vignoble de la Maison GUIGAL gr\u00e2ce aux outils de g\u00e9olocalisation et aux fiches techniques de l&#039;ensemble de nos vins et de leurs mill\u00e9simes : Ampuis, C\u00f4te-R\u00f4tie, Condrieu, Mouline, Landonne, Turque, Doriane, Hermitage, Ch\u00e2teauneuf, Ermitage, Ex-Voto, Vignes de l&#039;Hospice, Brune et Blonde, Lieu-dit, C\u00f4tes du Rh\u00f4ne\",\"publisher\":{\"@id\":\"https:\\\/\\\/staging.guigal.com\\\/en\\\/#organization\"},\"potentialAction\":[{\"@type\":\"SearchAction\",\"target\":{\"@type\":\"EntryPoint\",\"urlTemplate\":\"https:\\\/\\\/staging.guigal.com\\\/en\\\/?s={search_term_string}\"},\"query-input\":{\"@type\":\"PropertyValueSpecification\",\"valueRequired\":true,\"valueName\":\"search_term_string\"}}],\"inLanguage\":\"en-US\"},{\"@type\":\"Organization\",\"@id\":\"https:\\\/\\\/staging.guigal.com\\\/en\\\/#organization\",\"name\":\"Vins Guigal : Vins cotes du Rh\u00f4ne, Ampuis, C\u00f4te-R\u00f4tie, Condrieu, Mouline | E.GUIGAL\",\"url\":\"https:\\\/\\\/staging.guigal.com\\\/en\\\/\",\"logo\":{\"@type\":\"ImageObject\",\"inLanguage\":\"en-US\",\"@id\":\"https:\\\/\\\/staging.guigal.com\\\/en\\\/#\\\/schema\\\/logo\\\/image\\\/\",\"url\":\"https:\\\/\\\/staging.guigal.com\\\/wp-content\\\/uploads\\\/logo-guigal.png\",\"contentUrl\":\"https:\\\/\\\/staging.guigal.com\\\/wp-content\\\/uploads\\\/logo-guigal.png\",\"width\":1024,\"height\":211,\"caption\":\"Vins Guigal : Vins cotes du Rh\u00f4ne, Ampuis, C\u00f4te-R\u00f4tie, Condrieu, Mouline | E.GUIGAL\"},\"image\":{\"@id\":\"https:\\\/\\\/staging.guigal.com\\\/en\\\/#\\\/schema\\\/logo\\\/image\\\/\"}}]}<\/script>\n<!-- \/ Yoast SEO plugin. -->","yoast_head_json":{"title":"Sitemap | E.GUIGAL","robots":{"index":"noindex","follow":"follow","max-snippet":"max-snippet:-1","max-image-preview":"max-image-preview:large","max-video-preview":"max-video-preview:-1"},"schema":{"@context":"https:\/\/schema.org","@graph":[{"@type":"WebPage","@id":"https:\/\/staging.guigal.com\/en\/sitemap\/","url":"https:\/\/staging.guigal.com\/en\/sitemap\/","name":"Sitemap | E.GUIGAL","isPartOf":{"@id":"https:\/\/staging.guigal.com\/en\/#website"},"primaryImageOfPage":{"@id":"https:\/\/staging.guigal.com\/en\/sitemap\/#primaryimage"},"image":{"@id":"https:\/\/staging.guigal.com\/en\/sitemap\/#primaryimage"},"thumbnailUrl":"https:\/\/staging.guigal.com\/wp-content\/uploads\/Logo-Guigal-2.png","datePublished":"2025-12-15T14:59:31+00:00","dateModified":"2026-04-13T10:10:23+00:00","breadcrumb":{"@id":"https:\/\/staging.guigal.com\/en\/sitemap\/#breadcrumb"},"inLanguage":"en-US","potentialAction":[{"@type":"ReadAction","target":["https:\/\/staging.guigal.com\/en\/sitemap\/"]}]},{"@type":"ImageObject","inLanguage":"en-US","@id":"https:\/\/staging.guigal.com\/en\/sitemap\/#primaryimage","url":"https:\/\/staging.guigal.com\/wp-content\/uploads\/Logo-Guigal-2.png","contentUrl":"https:\/\/staging.guigal.com\/wp-content\/uploads\/Logo-Guigal-2.png","width":934,"height":768,"caption":"Guigal Coat"},{"@type":"BreadcrumbList","@id":"https:\/\/staging.guigal.com\/en\/sitemap\/#breadcrumb","itemListElement":[{"@type":"ListItem","position":1,"name":"Guigal","item":"https:\/\/staging.guigal.com\/en\/home\/"},{"@type":"ListItem","position":2,"name":"Sitemap"}]},{"@type":"WebSite","@id":"https:\/\/staging.guigal.com\/en\/#website","url":"https:\/\/staging.guigal.com\/en\/","name":"Vins Guigal : Vins cotes du Rh\u00f4ne, Ampuis, C\u00f4te-R\u00f4tie, Condrieu, Mouline | E.GUIGAL","description":"D\u00e9couvrez l&#039;ensemble du vignoble de la Maison GUIGAL gr\u00e2ce aux outils de g\u00e9olocalisation et aux fiches techniques de l&#039;ensemble de nos vins et de leurs mill\u00e9simes : Ampuis, C\u00f4te-R\u00f4tie, Condrieu, Mouline, Landonne, Turque, Doriane, Hermitage, Ch\u00e2teauneuf, Ermitage, Ex-Voto, Vignes de l&#039;Hospice, Brune et Blonde, Lieu-dit, C\u00f4tes du Rh\u00f4ne","publisher":{"@id":"https:\/\/staging.guigal.com\/en\/#organization"},"potentialAction":[{"@type":"SearchAction","target":{"@type":"EntryPoint","urlTemplate":"https:\/\/staging.guigal.com\/en\/?s={search_term_string}"},"query-input":{"@type":"PropertyValueSpecification","valueRequired":true,"valueName":"search_term_string"}}],"inLanguage":"en-US"},{"@type":"Organization","@id":"https:\/\/staging.guigal.com\/en\/#organization","name":"Vins Guigal : Vins cotes du Rh\u00f4ne, Ampuis, C\u00f4te-R\u00f4tie, Condrieu, Mouline | E.GUIGAL","url":"https:\/\/staging.guigal.com\/en\/","logo":{"@type":"ImageObject","inLanguage":"en-US","@id":"https:\/\/staging.guigal.com\/en\/#\/schema\/logo\/image\/","url":"https:\/\/staging.guigal.com\/wp-content\/uploads\/logo-guigal.png","contentUrl":"https:\/\/staging.guigal.com\/wp-content\/uploads\/logo-guigal.png","width":1024,"height":211,"caption":"Vins Guigal : Vins cotes du Rh\u00f4ne, Ampuis, C\u00f4te-R\u00f4tie, Condrieu, Mouline | E.GUIGAL"},"image":{"@id":"https:\/\/staging.guigal.com\/en\/#\/schema\/logo\/image\/"}}]}},"_links":{"self":[{"href":"https:\/\/staging.guigal.com\/en\/wp-json\/wp\/v2\/pages\/2366","targetHints":{"allow":["GET"]}}],"collection":[{"href":"https:\/\/staging.guigal.com\/en\/wp-json\/wp\/v2\/pages"}],"about":[{"href":"https:\/\/staging.guigal.com\/en\/wp-json\/wp\/v2\/types\/page"}],"author":[{"embeddable":true,"href":"https:\/\/staging.guigal.com\/en\/wp-json\/wp\/v2\/users\/1"}],"replies":[{"embeddable":true,"href":"https:\/\/staging.guigal.com\/en\/wp-json\/wp\/v2\/comments?post=2366"}],"version-history":[{"count":1,"href":"https:\/\/staging.guigal.com\/en\/wp-json\/wp\/v2\/pages\/2366\/revisions"}],"predecessor-version":[{"id":2367,"href":"https:\/\/staging.guigal.com\/en\/wp-json\/wp\/v2\/pages\/2366\/revisions\/2367"}],"wp:featuredmedia":[{"embeddable":true,"href":"https:\/\/staging.guigal.com\/en\/wp-json\/wp\/v2\/media\/2259"}],"wp:attachment":[{"href":"https:\/\/staging.guigal.com\/en\/wp-json\/wp\/v2\/media?parent=2366"}],"curies":[{"name":"wp","href":"https:\/\/api.w.org\/{rel}","templated":true}]}}